{"id":32347,"date":"2024-04-07T10:07:07","date_gmt":"2024-04-07T07:07:07","guid":{"rendered":"https:\/\/fclevadia.ee\/infonet-schedule\/"},"modified":"2025-03-29T16:21:16","modified_gmt":"2025-03-29T14:21:16","slug":"schedule","status":"publish","type":"page","link":"https:\/\/fcilevadia.ee\/en\/academy\/schedule\/","title":{"rendered":"Schedule"},"content":{"rendered":"\t\t<div data-elementor-type=\"wp-post\" data-elementor-id=\"32347\" class=\"elementor elementor-32347 elementor-4757\" data-elementor-post-type=\"page\">\n\t\t\t\t<div class=\"elementor-element elementor-element-24369a4 e-flex e-con-boxed e-con e-parent\" data-id=\"24369a4\" data-element_type=\"container\" data-e-type=\"container\">\n\t\t\t\t\t<div class=\"e-con-inner\">\n\t\t<div class=\"elementor-element elementor-element-ec0dbe8 e-con-full e-flex e-con e-child\" data-id=\"ec0dbe8\" data-element_type=\"container\" data-e-type=\"container\">\n\t\t\t\t<div class=\"elementor-element elementor-element-7efceb1 sc_fly_static elementor-widget elementor-widget-trx_sc_title\" data-id=\"7efceb1\" data-element_type=\"widget\" data-e-type=\"widget\" data-widget_type=\"trx_sc_title.default\">\n\t\t\t\t<div class=\"elementor-widget-container\">\n\t\t\t\t\t<div id=\"trx_sc_title_1841297435\"\n\t\tclass=\"sc_title sc_title_default\"><span class=\"sc_item_subtitle sc_title_subtitle sc_align_left sc_item_subtitle_above sc_item_title_style_default\">Professional football training in Tallinn's best football schools<\/span><h2 class=\"sc_item_title sc_title_title sc_align_left sc_item_title_style_default\"><span class=\"sc_item_title_text\">Training Session Plans<\/span><\/h2><div class=\"sc_item_descr sc_title_descr sc_align_left\"><p>Our training sessions take place in two schools - Levadia and Infonet, located in different parts of Tallinn. The main training bases are located in Pirita (Tuulenurga 1) and Lasnam\u00e4e (Punane 45). We also have training groups in the \u00d5ism\u00e4e area.<\/p>\n<p>For more information, you can leave a request on our website, write an email to <a href=\"mailto:jk@fcilevadia.ee\">jk@fcilevadia.ee<\/a> or <a href=\"#phones\">call us on the phone<\/a><\/p>\n<\/div><\/div><!-- \/.sc_title -->\t\t\t\t<\/div>\n\t\t\t\t<\/div>\n\t\t\t\t<\/div>\n\t\t<div class=\"elementor-element elementor-element-4961c92 e-flex e-con-boxed e-con e-child\" data-id=\"4961c92\" data-element_type=\"container\" data-e-type=\"container\">\n\t\t\t\t\t<div class=\"e-con-inner\">\n\t\t<div class=\"elementor-element elementor-element-6135a0d e-flex e-con-boxed e-con e-child\" data-id=\"6135a0d\" data-element_type=\"container\" data-e-type=\"container\" data-settings=\"{&quot;background_background&quot;:&quot;classic&quot;}\">\n\t\t\t\t\t<div class=\"e-con-inner\">\n\t\t\t\t\t<\/div>\n\t\t\t\t<\/div>\n\t\t<div class=\"elementor-element elementor-element-fb8507d e-flex e-con-boxed e-con e-child\" data-id=\"fb8507d\" data-element_type=\"container\" data-e-type=\"container\">\n\t\t\t\t\t<div class=\"e-con-inner\">\n\t\t\t\t<div class=\"elementor-element elementor-element-93d673b sc_fly_static elementor-widget elementor-widget-trx_sc_button\" data-id=\"93d673b\" data-element_type=\"widget\" data-e-type=\"widget\" data-widget_type=\"trx_sc_button.default\">\n\t\t\t\t<div class=\"elementor-widget-container\">\n\t\t\t\t\t<div id=\"trx_sc_button_1510828831\"\tclass=\"sc_item_button sc_button_wrap\"><a href=\"https:\/\/fcilevadia.ee\/en\/contacts#drop_a_line\" class=\"sc_button sc_button_default sc_button_size_small sc_button_icon_right\"><span class=\"sc_button_text\"><span class=\"sc_button_title\">Ask a question<\/span><\/span><!-- \/.sc_button_text --><\/a><!-- \/.sc_button --><\/div><!-- \/.sc_item_button -->\t\t\t\t<\/div>\n\t\t\t\t<\/div>\n\t\t\t\t\t<\/div>\n\t\t\t\t<\/div>\n\t\t\t\t\t<\/div>\n\t\t\t\t<\/div>\n\t\t\t\t\t<\/div>\n\t\t\t\t<\/div>\n\t\t\t\t<section class=\"elementor-section elementor-top-section elementor-element elementor-element-db48797 elementor-section-height-full elementor-section-items-top elementor-section-boxed elementor-section-height-default\" data-id=\"db48797\" data-element_type=\"section\" data-e-type=\"section\">\n\t\t\t\t\t\t<div class=\"elementor-container elementor-column-gap-narrow\">\n\t\t\t\t\t<div class=\"elementor-column elementor-col-50 elementor-top-column elementor-element elementor-element-77a882e sc_inner_width_none sc_layouts_column_icons_position_left\" data-id=\"77a882e\" data-element_type=\"column\" data-e-type=\"column\">\n\t\t\t<div class=\"elementor-widget-wrap elementor-element-populated\">\n\t\t\t\t\t\t<div class=\"elementor-element elementor-element-87f94e5 sc_fly_static elementor-widget elementor-widget-heading\" data-id=\"87f94e5\" data-element_type=\"widget\" data-e-type=\"widget\" data-widget_type=\"heading.default\">\n\t\t\t\t<div class=\"elementor-widget-container\">\n\t\t\t\t\t<h3 class=\"elementor-heading-title elementor-size-default\">Levadia Training Sessions<\/h3>\t\t\t\t<\/div>\n\t\t\t\t<\/div>\n\t\t\t\t<div class=\"elementor-element elementor-element-a969c0b sc_fly_static elementor-widget elementor-widget-html\" data-id=\"a969c0b\" data-element_type=\"widget\" data-e-type=\"widget\" data-widget_type=\"html.default\">\n\t\t\t\t<div class=\"elementor-widget-container\">\n\t\t\t\t\t<iframe src=\"https:\/\/app.sportlyzer.com\/?page=club\/widget&amp;action=calendar&amp;seed=m3l1N&amp;lang=est\" width=\"100%\" height=\"2500\" frameborder=\"0\" style=\"border:1px solid #ccc;min-height: 100vh;\"><\/iframe>\t\t\t\t<\/div>\n\t\t\t\t<\/div>\n\t\t\t\t\t<\/div>\n\t\t<\/div>\n\t\t\t\t<div class=\"elementor-column elementor-col-50 elementor-top-column elementor-element elementor-element-ff0957a sc_inner_width_none sc_layouts_column_icons_position_left\" data-id=\"ff0957a\" data-element_type=\"column\" data-e-type=\"column\">\n\t\t\t<div class=\"elementor-widget-wrap elementor-element-populated\">\n\t\t\t\t\t\t<div class=\"elementor-element elementor-element-e9db6b7 sc_fly_static elementor-widget elementor-widget-heading\" data-id=\"e9db6b7\" data-element_type=\"widget\" data-e-type=\"widget\" data-widget_type=\"heading.default\">\n\t\t\t\t<div class=\"elementor-widget-container\">\n\t\t\t\t\t<h3 class=\"elementor-heading-title elementor-size-default\">Infonet Training Sessions<\/h3>\t\t\t\t<\/div>\n\t\t\t\t<\/div>\n\t\t\t\t<div class=\"elementor-element elementor-element-21f3606 sc_fly_static elementor-widget elementor-widget-html\" data-id=\"21f3606\" data-element_type=\"widget\" data-e-type=\"widget\" data-widget_type=\"html.default\">\n\t\t\t\t<div class=\"elementor-widget-container\">\n\t\t\t\t\t<iframe src=\"https:\/\/app.sportlyzer.com\/?page=club\/widget&amp;action=calendar&amp;seed=m3lf8&amp;lang=est\" width=\"100%\" height=\"2500\" frameborder=\"0\" style=\"border:1px solid #ccc;min-height: 100vh;\"><\/iframe>\t\t\t\t<\/div>\n\t\t\t\t<\/div>\n\t\t\t\t\t<\/div>\n\t\t<\/div>\n\t\t\t\t\t<\/div>\n\t\t<\/section>\n\t\t\t\t<\/div>\n\t\t","protected":false},"excerpt":{"rendered":"<p>Professional football training in Tallinn&#8217;s best football schools Training Session Plans Our training sessions take place in two schools &#8211;&hellip;<\/p>\n","protected":false},"author":990009,"featured_media":0,"parent":32382,"menu_order":0,"comment_status":"closed","ping_status":"closed","template":"","meta":{"footnotes":""},"class_list":["post-32347","page","type-page","status-publish","hentry"],"yoast_head":"<!-- This site is optimized with the Yoast SEO plugin v27.4 - https:\/\/yoast.com\/product\/yoast-seo-wordpress\/ -->\n<title>Schedule | FCI Levadia<\/title>\n<meta name=\"description\" content=\"See the FCI Levadia football school training schedule! Find suitable training places and join the best youth academy in Estonia.\" \/>\n<meta name=\"robots\" content=\"index, follow, max-snippet:-1, max-image-preview:large, max-video-preview:-1\" \/>\n<link rel=\"canonical\" href=\"https:\/\/fcilevadia.ee\/en\/academy\/schedule\/\" \/>\n<meta property=\"og:locale\" content=\"en_US\" \/>\n<meta property=\"og:type\" content=\"article\" \/>\n<meta property=\"og:title\" content=\"Schedule - FCI Levadia\" \/>\n<meta property=\"og:description\" content=\"See the FCI Levadia football school training schedule! Find suitable training places and join the best youth academy in Estonia.\" \/>\n<meta property=\"og:url\" content=\"https:\/\/fcilevadia.ee\/en\/academy\/schedule\/\" \/>\n<meta property=\"og:site_name\" content=\"FCI Levadia\" \/>\n<meta property=\"article:publisher\" content=\"https:\/\/www.facebook.com\/fcilevadia\" \/>\n<meta property=\"article:modified_time\" content=\"2025-03-29T14:21:16+00:00\" \/>\n<meta property=\"og:image\" content=\"https:\/\/fcilevadia.ee\/wp-content\/uploads\/Design\/dsc06905-1.jpg.webp\" \/>\n\t<meta property=\"og:image:width\" content=\"1920\" \/>\n\t<meta property=\"og:image:height\" content=\"1080\" \/>\n\t<meta property=\"og:image:type\" content=\"image\/webp\" \/>\n<meta name=\"twitter:card\" content=\"summary_large_image\" \/>\n<meta name=\"twitter:site\" content=\"@LevadiaFCI\" \/>\n<!-- \/ Yoast SEO plugin. -->","yoast_head_json":{"title":"Schedule | FCI Levadia","description":"See the FCI Levadia football school training schedule! Find suitable training places and join the best youth academy in Estonia.","robots":{"index":"index","follow":"follow","max-snippet":"max-snippet:-1","max-image-preview":"max-image-preview:large","max-video-preview":"max-video-preview:-1"},"canonical":"https:\/\/fcilevadia.ee\/en\/academy\/schedule\/","og_locale":"en_US","og_type":"article","og_title":"Schedule - FCI Levadia","og_description":"See the FCI Levadia football school training schedule! Find suitable training places and join the best youth academy in Estonia.","og_url":"https:\/\/fcilevadia.ee\/en\/academy\/schedule\/","og_site_name":"FCI Levadia","article_publisher":"https:\/\/www.facebook.com\/fcilevadia","article_modified_time":"2025-03-29T14:21:16+00:00","og_image":[{"width":1920,"height":1080,"url":"https:\/\/fcilevadia.ee\/wp-content\/uploads\/Design\/dsc06905-1.jpg.webp","type":"image\/webp"}],"twitter_card":"summary_large_image","twitter_site":"@LevadiaFCI","schema":{"@context":"https:\/\/schema.org","@graph":[{"@type":"WebPage","@id":"https:\/\/fcilevadia.ee\/en\/academy\/schedule\/","url":"https:\/\/fcilevadia.ee\/en\/academy\/schedule\/","name":"Schedule - FCI Levadia","isPartOf":{"@id":"https:\/\/fcilevadia.ee\/en\/#website"},"datePublished":"2024-04-07T07:07:07+00:00","dateModified":"2025-03-29T14:21:16+00:00","description":"See the FCI Levadia football school training schedule! Find suitable training places and join the best youth academy in Estonia.","breadcrumb":{"@id":"https:\/\/fcilevadia.ee\/en\/academy\/schedule\/#breadcrumb"},"inLanguage":"en-US","potentialAction":[{"@type":"ReadAction","target":["https:\/\/fcilevadia.ee\/en\/academy\/schedule\/"]}]},{"@type":"BreadcrumbList","@id":"https:\/\/fcilevadia.ee\/en\/academy\/schedule\/#breadcrumb","itemListElement":[{"@type":"ListItem","position":1,"name":"Home","item":"https:\/\/fcilevadia.ee\/en\/"},{"@type":"ListItem","position":2,"name":"FCI Levadia Football Academy","item":"https:\/\/fcilevadia.ee\/en\/jalgpallikool\/"},{"@type":"ListItem","position":3,"name":"Schedule"}]},{"@type":"WebSite","@id":"https:\/\/fcilevadia.ee\/en\/#website","url":"https:\/\/fcilevadia.ee\/en\/","name":"FCI Levadia","description":"Professional Football Club & Youth Academy","publisher":{"@id":"https:\/\/fcilevadia.ee\/en\/#organization"},"potentialAction":[{"@type":"SearchAction","target":{"@type":"EntryPoint","urlTemplate":"https:\/\/fcilevadia.ee\/en\/?s={search_term_string}"},"query-input":{"@type":"PropertyValueSpecification","valueRequired":true,"valueName":"search_term_string"}}],"inLanguage":"en-US"},{"@type":"Organization","@id":"https:\/\/fcilevadia.ee\/en\/#organization","name":"FCI Levadia","url":"https:\/\/fcilevadia.ee\/en\/","logo":{"@type":"ImageObject","inLanguage":"en-US","@id":"https:\/\/fcilevadia.ee\/en\/#\/schema\/logo\/image\/","url":"https:\/\/fcilevadia.ee\/wp-content\/uploads\/2024\/03\/cropped-FCI-Levadia-Logo.webp","contentUrl":"https:\/\/fcilevadia.ee\/wp-content\/uploads\/2024\/03\/cropped-FCI-Levadia-Logo.webp","width":256,"height":379,"caption":"FCI Levadia"},"image":{"@id":"https:\/\/fcilevadia.ee\/en\/#\/schema\/logo\/image\/"},"sameAs":["https:\/\/www.facebook.com\/fcilevadia","https:\/\/x.com\/LevadiaFCI","https:\/\/www.youtube.com\/channel\/UCPpi1lGfzlVITgwOmVOYMkw","https:\/\/www.instagram.com\/fcilevadia\/"]}]}},"_links":{"self":[{"href":"https:\/\/fcilevadia.ee\/en\/wp-json\/wp\/v2\/pages\/32347","targetHints":{"allow":["GET"]}}],"collection":[{"href":"https:\/\/fcilevadia.ee\/en\/wp-json\/wp\/v2\/pages"}],"about":[{"href":"https:\/\/fcilevadia.ee\/en\/wp-json\/wp\/v2\/types\/page"}],"author":[{"embeddable":true,"href":"https:\/\/fcilevadia.ee\/en\/wp-json\/wp\/v2\/users\/990009"}],"replies":[{"embeddable":true,"href":"https:\/\/fcilevadia.ee\/en\/wp-json\/wp\/v2\/comments?post=32347"}],"version-history":[{"count":2,"href":"https:\/\/fcilevadia.ee\/en\/wp-json\/wp\/v2\/pages\/32347\/revisions"}],"predecessor-version":[{"id":42608,"href":"https:\/\/fcilevadia.ee\/en\/wp-json\/wp\/v2\/pages\/32347\/revisions\/42608"}],"up":[{"embeddable":true,"href":"https:\/\/fcilevadia.ee\/en\/wp-json\/wp\/v2\/pages\/32382"}],"wp:attachment":[{"href":"https:\/\/fcilevadia.ee\/en\/wp-json\/wp\/v2\/media?parent=32347"}],"curies":[{"name":"wp","href":"https:\/\/api.w.org\/{rel}","templated":true}]}}